{"id":57,"date":"2018-10-05T17:42:03","date_gmt":"2018-10-05T20:42:03","guid":{"rendered":"https:\/\/coens.dv.utfpr.edu.br\/gprsc\/?page_id=57"},"modified":"2021-08-18T17:05:05","modified_gmt":"2021-08-18T20:05:05","slug":"recursos-humanos","status":"publish","type":"page","link":"https:\/\/coens.dv.utfpr.edu.br\/gprsc\/recursos-humanos\/","title":{"rendered":"Recursos Humanos"},"content":{"rendered":"\n<h2 class=\"wp-block-heading\"><strong>Docentes<\/strong><\/h2>\n\n\n\n<div class=\"wp-block-columns is-layout-flex wp-container-3\">\n<div class=\"wp-block-column is-layout-flow\">\n<h3 class=\"wp-block-heading\">Dalton C\u00e9zane Gomes Valadares<\/h3>\n\n\n\n<div class=\"wp-block-media-text alignwide\"><figure class=\"wp-block-media-text__media\"><img decoding=\"async\" loading=\"lazy\" width=\"590\" height=\"591\" src=\"https:\/\/coens.dv.utfpr.edu.br\/gprsc\/wp-content\/uploads\/2019\/06\/Dalton.png\" alt=\"\" class=\"wp-image-167 size-full\"\/><\/figure><div class=\"wp-block-media-text__content\">\n<h5 class=\"wp-block-heading\"><strong>Instituto Federal de Educa\u00e7\u00e3o, Ci\u00eancia e Tecnologia de Pernambuco<br>C\u00e2mpus Caruaru<\/strong><\/h5>\n\n\n\n<h5 class=\"wp-block-heading\"><a href=\"mailto:dalton.valadares@caruaru.ifpe.edu.br\" target=\"_blank\" rel=\"noreferrer noopener\">dalton.valadares@caruaru.ifpe.edu.br<\/a><br><a href=\"http:\/\/lattes.cnpq.br\/2071137340853439\" target=\"_blank\" rel=\"noreferrer noopener\">Curr\u00edculo Lattes<\/a><\/h5>\n<\/div><\/div>\n<\/div>\n\n\n\n<div class=\"wp-block-column is-layout-flow\">\n<h3 class=\"wp-block-heading\">Newton Carlos Will<\/h3>\n\n\n\n<div class=\"wp-block-media-text alignwide\"><figure class=\"wp-block-media-text__media\"><img decoding=\"async\" loading=\"lazy\" width=\"592\" height=\"592\" src=\"https:\/\/coens.dv.utfpr.edu.br\/gprsc\/wp-content\/uploads\/2019\/06\/Newton.png\" alt=\"\" class=\"wp-image-169 size-full\"\/><\/figure><div class=\"wp-block-media-text__content\">\n<h5 class=\"wp-block-heading\"><strong>Universidade Tecnol\u00f3gica Federal do Paran\u00e1<br>C\u00e2mpus Dois Vizinhos<\/strong><\/h5>\n\n\n\n<h5 class=\"wp-block-heading\"><a href=\"mailto:will@utfpr.edu.br\" target=\"_blank\" rel=\"noreferrer noopener\">will@utfpr.edu.br<\/a><br><a href=\"http:\/\/lattes.cnpq.br\/3522891754495871\" target=\"_blank\" rel=\"noreferrer noopener\">Curr\u00edculo Lattes<\/a><br><a href=\"https:\/\/coens.dv.utfpr.edu.br\/will\" target=\"_blank\" rel=\"noreferrer noopener\">P\u00e1gina Pessoal<\/a><\/h5>\n<\/div><\/div>\n<\/div>\n<\/div>\n\n\n\n<div class=\"wp-block-columns is-layout-flex wp-container-6\">\n<div class=\"wp-block-column is-layout-flow\">\n<h3 class=\"wp-block-heading\">Rodrigo Tomaz Pagno<\/h3>\n\n\n\n<div class=\"wp-block-media-text alignwide\"><figure class=\"wp-block-media-text__media\"><img decoding=\"async\" loading=\"lazy\" width=\"591\" height=\"590\" src=\"https:\/\/coens.dv.utfpr.edu.br\/gprsc\/wp-content\/uploads\/2019\/06\/Rodrigo.png\" alt=\"\" class=\"wp-image-170 size-full\"\/><\/figure><div class=\"wp-block-media-text__content\">\n<h5 class=\"wp-block-heading\"><strong>Universidade Tecnol\u00f3gica Federal do Paran\u00e1<br>C\u00e2mpus Dois Vizinho<\/strong>s<\/h5>\n\n\n\n<h5 class=\"wp-block-heading\"><a href=\"mailto:rodrigopagno@utfpr.edu.br\" target=\"_blank\" rel=\"noreferrer noopener\">rodrigopagno@utfpr.edu.br<\/a><br><a href=\"http:\/\/lattes.cnpq.br\/4420495480132453\" target=\"_blank\" rel=\"noreferrer noopener\">Curr\u00edculo Lattes<\/a><\/h5>\n<\/div><\/div>\n<\/div>\n\n\n\n<div class=\"wp-block-column is-layout-flow\"><\/div>\n<\/div>\n\n\n\n<hr class=\"wp-block-separator\"\/>\n\n\n\n<h2 class=\"wp-block-heading\"><strong>Acad\u00eamicos<\/strong><\/h2>\n\n\n\n<div class=\"wp-block-columns is-layout-flex wp-container-10\">\n<div class=\"wp-block-column is-layout-flow\">\n<h3 class=\"wp-block-heading\">Erllon Emanuel Nowacki<\/h3>\n\n\n\n<div class=\"wp-block-media-text alignwide\"><figure class=\"wp-block-media-text__media\"><img decoding=\"async\" loading=\"lazy\" width=\"591\" height=\"593\" src=\"https:\/\/coens.dv.utfpr.edu.br\/gprsc\/wp-content\/uploads\/2019\/06\/Estudante.png\" alt=\"\" class=\"wp-image-168 size-full\"\/><\/figure><div class=\"wp-block-media-text__content\">\n<h5 class=\"wp-block-heading\"><strong><strong>Universidade Tecnol\u00f3gica Federal do Paran\u00e1<br>C\u00e2mpus Dois Vizinhos<br>N\u00edvel: Gradua\u00e7\u00e3o<br>Orientador: Newton Carlos Will<\/strong><\/strong><\/h5>\n\n\n\n<p><a rel=\"noreferrer noopener\" href=\"http:\/\/lattes.cnpq.br\/9515250317477082\" target=\"_blank\"><\/a><a href=\"http:\/\/lattes.cnpq.br\/2074321283461685\" target=\"_blank\" rel=\"noreferrer noopener\">Curr\u00edculo Lattes<\/a><\/p>\n<\/div><\/div>\n<\/div>\n\n\n\n<div class=\"wp-block-column is-layout-flow\">\n<h3 class=\"wp-block-heading\">Luis Fernando Machado Pozzobon<\/h3>\n\n\n\n<div class=\"wp-block-media-text alignwide is-stacked-on-mobile\"><figure class=\"wp-block-media-text__media\"><img decoding=\"async\" loading=\"lazy\" width=\"591\" height=\"593\" src=\"https:\/\/coens.dv.utfpr.edu.br\/gprsc\/wp-content\/uploads\/2019\/06\/Estudante.png\" alt=\"\" class=\"wp-image-168 size-full\"\/><\/figure><div class=\"wp-block-media-text__content\">\n<h5 class=\"wp-block-heading\"><strong><strong>Universidade Tecnol\u00f3gica Federal do Paran\u00e1<br>C\u00e2mpus Dois Vizinhos<br>N\u00edvel: Gradua\u00e7\u00e3o<br>Orientador: Rodrigo Tomaz Pagno<\/strong><\/strong><\/h5>\n\n\n\n<p><a href=\"http:\/\/lattes.cnpq.br\/5249099956623199\" target=\"_blank\" rel=\"noreferrer noopener\">Curr\u00edculo Lattes<\/a><\/p>\n<\/div><\/div>\n<\/div>\n\n\n\n<div class=\"wp-block-column is-layout-flow\">\n<p><\/p>\n<\/div>\n<\/div>\n\n\n\n<hr class=\"wp-block-separator\"\/>\n\n\n\n<h2 class=\"wp-block-heading\"><strong>Egressos<\/strong><\/h2>\n\n\n\n<div class=\"wp-block-columns is-layout-flex wp-container-14\">\n<div class=\"wp-block-column is-layout-flow\">\n<h3 class=\"wp-block-heading\">J\u00e9ssica Iara Pegorini<\/h3>\n\n\n\n<div class=\"wp-block-media-text alignwide is-stacked-on-mobile\"><figure class=\"wp-block-media-text__media\"><img decoding=\"async\" loading=\"lazy\" width=\"591\" height=\"593\" src=\"https:\/\/coens.dv.utfpr.edu.br\/gprsc\/wp-content\/uploads\/2019\/06\/Estudante.png\" alt=\"\" class=\"wp-image-168 size-full\"\/><\/figure><div class=\"wp-block-media-text__content\">\n<h5 class=\"wp-block-heading\"><strong>Universidade Tecnol\u00f3gica Federal do Paran\u00e1<br>C\u00e2mpus Dois Vizinhos<br>N\u00edvel: Gradua\u00e7\u00e3o<br>Orientador: Newton Carlos Will<\/strong><\/h5>\n\n\n\n<p><a href=\"http:\/\/lattes.cnpq.br\/4142917796136970\" target=\"_blank\" rel=\"noreferrer noopener\">Curr\u00edculo Lattes<\/a><\/p>\n<\/div><\/div>\n<\/div>\n\n\n\n<div class=\"wp-block-column is-layout-flow\">\n<h3 class=\"wp-block-heading\">Marciano da Rocha<\/h3>\n\n\n\n<div class=\"wp-block-media-text alignwide is-stacked-on-mobile\"><figure class=\"wp-block-media-text__media\"><img decoding=\"async\" loading=\"lazy\" width=\"591\" height=\"593\" src=\"https:\/\/coens.dv.utfpr.edu.br\/gprsc\/wp-content\/uploads\/2019\/06\/Estudante.png\" alt=\"\" class=\"wp-image-168 size-full\"\/><\/figure><div class=\"wp-block-media-text__content\">\n<h5 class=\"wp-block-heading\"><strong>Universidade Tecnol\u00f3gica Federal do Paran\u00e1<br>C\u00e2mpus Dois Vizinhos<br>N\u00edvel: Gradua\u00e7\u00e3o<br>Orientador: Newton Carlos Will<\/strong><\/h5>\n\n\n\n<p><a rel=\"noreferrer noopener\" href=\"http:\/\/lattes.cnpq.br\/7116327192922200\" target=\"_blank\">Curr\u00edculo Lattes<\/a><\/p>\n<\/div><\/div>\n<\/div>\n\n\n\n<div class=\"wp-block-column is-layout-flow\"><\/div>\n<\/div>\n","protected":false},"excerpt":{"rendered":"<p>Docentes Dalton C\u00e9zane Gomes Valadares Instituto Federal de Educa\u00e7\u00e3o, Ci\u00eancia e Tecnologia de PernambucoC\u00e2mpus Caruaru dalton.valadares@caruaru.ifpe.edu.brCurr\u00edculo Lattes Newton Carlos Will Universidade Tecnol\u00f3gica Federal do Paran\u00e1C\u00e2mpus Dois Vizinhos will@utfpr.edu.brCurr\u00edculo LattesP\u00e1gina Pessoal Rodrigo Tomaz Pagno Universidade Tecnol\u00f3gica Federal do Paran\u00e1C\u00e2mpus Dois Vizinhos rodrigopagno@utfpr.edu.brCurr\u00edculo Lattes Acad\u00eamicos Erllon Emanuel Nowacki Universidade Tecnol\u00f3gica Federal do Paran\u00e1C\u00e2mpus Dois VizinhosN\u00edvel: Gradua\u00e7\u00e3oOrientador: Newton [&hellip;]<\/p>\n","protected":false},"author":1,"featured_media":0,"parent":0,"menu_order":0,"comment_status":"closed","ping_status":"closed","template":"","meta":{"_exactmetrics_skip_tracking":false,"_exactmetrics_sitenote_active":false,"_exactmetrics_sitenote_note":"","_exactmetrics_sitenote_category":0},"yoast_head":"<!-- This site is optimized with the Yoast SEO plugin v21.8.1 - https:\/\/yoast.com\/wordpress\/plugins\/seo\/ -->\n<title>Recursos Humanos - Grupo de Pesquisa em Redes e Seguran\u00e7a Computacional<\/title>\n<meta name=\"robots\" content=\"index, follow, max-snippet:-1, max-image-preview:large, max-video-preview:-1\" \/>\n<link rel=\"canonical\" href=\"https:\/\/coens.dv.utfpr.edu.br\/gprsc\/recursos-humanos\/\" \/>\n<meta property=\"og:locale\" content=\"pt_BR\" \/>\n<meta property=\"og:type\" content=\"article\" \/>\n<meta property=\"og:title\" content=\"Recursos Humanos - Grupo de Pesquisa em Redes e Seguran\u00e7a Computacional\" \/>\n<meta property=\"og:description\" content=\"Docentes Dalton C\u00e9zane Gomes Valadares Instituto Federal de Educa\u00e7\u00e3o, Ci\u00eancia e Tecnologia de PernambucoC\u00e2mpus Caruaru dalton.valadares@caruaru.ifpe.edu.brCurr\u00edculo Lattes Newton Carlos Will Universidade Tecnol\u00f3gica Federal do Paran\u00e1C\u00e2mpus Dois Vizinhos will@utfpr.edu.brCurr\u00edculo LattesP\u00e1gina Pessoal Rodrigo Tomaz Pagno Universidade Tecnol\u00f3gica Federal do Paran\u00e1C\u00e2mpus Dois Vizinhos rodrigopagno@utfpr.edu.brCurr\u00edculo Lattes Acad\u00eamicos Erllon Emanuel Nowacki Universidade Tecnol\u00f3gica Federal do Paran\u00e1C\u00e2mpus Dois VizinhosN\u00edvel: Gradua\u00e7\u00e3oOrientador: Newton [&hellip;]\" \/>\n<meta property=\"og:url\" content=\"https:\/\/coens.dv.utfpr.edu.br\/gprsc\/recursos-humanos\/\" \/>\n<meta property=\"og:site_name\" content=\"Grupo de Pesquisa em Redes e Seguran\u00e7a Computacional\" \/>\n<meta property=\"article:modified_time\" content=\"2021-08-18T20:05:05+00:00\" \/>\n<meta property=\"og:image\" content=\"https:\/\/coens.dv.utfpr.edu.br\/gprsc\/wp-content\/uploads\/2019\/06\/Dalton.png\" \/>\n<meta name=\"twitter:card\" content=\"summary_large_image\" \/>\n<meta name=\"twitter:label1\" content=\"Est. tempo de leitura\" \/>\n\t<meta name=\"twitter:data1\" content=\"2 minutos\" \/>\n<script type=\"application\/ld+json\" class=\"yoast-schema-graph\">{\"@context\":\"https:\/\/schema.org\",\"@graph\":[{\"@type\":\"WebPage\",\"@id\":\"https:\/\/coens.dv.utfpr.edu.br\/gprsc\/recursos-humanos\/\",\"url\":\"https:\/\/coens.dv.utfpr.edu.br\/gprsc\/recursos-humanos\/\",\"name\":\"Recursos Humanos - Grupo de Pesquisa em Redes e Seguran\u00e7a Computacional\",\"isPartOf\":{\"@id\":\"https:\/\/coens.dv.utfpr.edu.br\/gprsc\/#website\"},\"datePublished\":\"2018-10-05T20:42:03+00:00\",\"dateModified\":\"2021-08-18T20:05:05+00:00\",\"breadcrumb\":{\"@id\":\"https:\/\/coens.dv.utfpr.edu.br\/gprsc\/recursos-humanos\/#breadcrumb\"},\"inLanguage\":\"pt-BR\",\"potentialAction\":[{\"@type\":\"ReadAction\",\"target\":[\"https:\/\/coens.dv.utfpr.edu.br\/gprsc\/recursos-humanos\/\"]}]},{\"@type\":\"BreadcrumbList\",\"@id\":\"https:\/\/coens.dv.utfpr.edu.br\/gprsc\/recursos-humanos\/#breadcrumb\",\"itemListElement\":[{\"@type\":\"ListItem\",\"position\":1,\"name\":\"In\u00edcio\",\"item\":\"https:\/\/coens.dv.utfpr.edu.br\/gprsc\/\"},{\"@type\":\"ListItem\",\"position\":2,\"name\":\"Recursos Humanos\"}]},{\"@type\":\"WebSite\",\"@id\":\"https:\/\/coens.dv.utfpr.edu.br\/gprsc\/#website\",\"url\":\"https:\/\/coens.dv.utfpr.edu.br\/gprsc\/\",\"name\":\"Grupo de Pesquisa em Redes e Seguran\u00e7a Computacional\",\"description\":\"\",\"potentialAction\":[{\"@type\":\"SearchAction\",\"target\":{\"@type\":\"EntryPoint\",\"urlTemplate\":\"https:\/\/coens.dv.utfpr.edu.br\/gprsc\/?s={search_term_string}\"},\"query-input\":\"required name=search_term_string\"}],\"inLanguage\":\"pt-BR\"}]}<\/script>\n<!-- \/ Yoast SEO plugin. -->","yoast_head_json":{"title":"Recursos Humanos - Grupo de Pesquisa em Redes e Seguran\u00e7a Computacional","robots":{"index":"index","follow":"follow","max-snippet":"max-snippet:-1","max-image-preview":"max-image-preview:large","max-video-preview":"max-video-preview:-1"},"canonical":"https:\/\/coens.dv.utfpr.edu.br\/gprsc\/recursos-humanos\/","og_locale":"pt_BR","og_type":"article","og_title":"Recursos Humanos - Grupo de Pesquisa em Redes e Seguran\u00e7a Computacional","og_description":"Docentes Dalton C\u00e9zane Gomes Valadares Instituto Federal de Educa\u00e7\u00e3o, Ci\u00eancia e Tecnologia de PernambucoC\u00e2mpus Caruaru dalton.valadares@caruaru.ifpe.edu.brCurr\u00edculo Lattes Newton Carlos Will Universidade Tecnol\u00f3gica Federal do Paran\u00e1C\u00e2mpus Dois Vizinhos will@utfpr.edu.brCurr\u00edculo LattesP\u00e1gina Pessoal Rodrigo Tomaz Pagno Universidade Tecnol\u00f3gica Federal do Paran\u00e1C\u00e2mpus Dois Vizinhos rodrigopagno@utfpr.edu.brCurr\u00edculo Lattes Acad\u00eamicos Erllon Emanuel Nowacki Universidade Tecnol\u00f3gica Federal do Paran\u00e1C\u00e2mpus Dois VizinhosN\u00edvel: Gradua\u00e7\u00e3oOrientador: Newton [&hellip;]","og_url":"https:\/\/coens.dv.utfpr.edu.br\/gprsc\/recursos-humanos\/","og_site_name":"Grupo de Pesquisa em Redes e Seguran\u00e7a Computacional","article_modified_time":"2021-08-18T20:05:05+00:00","og_image":[{"url":"https:\/\/coens.dv.utfpr.edu.br\/gprsc\/wp-content\/uploads\/2019\/06\/Dalton.png"}],"twitter_card":"summary_large_image","twitter_misc":{"Est. tempo de leitura":"2 minutos"},"schema":{"@context":"https:\/\/schema.org","@graph":[{"@type":"WebPage","@id":"https:\/\/coens.dv.utfpr.edu.br\/gprsc\/recursos-humanos\/","url":"https:\/\/coens.dv.utfpr.edu.br\/gprsc\/recursos-humanos\/","name":"Recursos Humanos - Grupo de Pesquisa em Redes e Seguran\u00e7a Computacional","isPartOf":{"@id":"https:\/\/coens.dv.utfpr.edu.br\/gprsc\/#website"},"datePublished":"2018-10-05T20:42:03+00:00","dateModified":"2021-08-18T20:05:05+00:00","breadcrumb":{"@id":"https:\/\/coens.dv.utfpr.edu.br\/gprsc\/recursos-humanos\/#breadcrumb"},"inLanguage":"pt-BR","potentialAction":[{"@type":"ReadAction","target":["https:\/\/coens.dv.utfpr.edu.br\/gprsc\/recursos-humanos\/"]}]},{"@type":"BreadcrumbList","@id":"https:\/\/coens.dv.utfpr.edu.br\/gprsc\/recursos-humanos\/#breadcrumb","itemListElement":[{"@type":"ListItem","position":1,"name":"In\u00edcio","item":"https:\/\/coens.dv.utfpr.edu.br\/gprsc\/"},{"@type":"ListItem","position":2,"name":"Recursos Humanos"}]},{"@type":"WebSite","@id":"https:\/\/coens.dv.utfpr.edu.br\/gprsc\/#website","url":"https:\/\/coens.dv.utfpr.edu.br\/gprsc\/","name":"Grupo de Pesquisa em Redes e Seguran\u00e7a Computacional","description":"","potentialAction":[{"@type":"SearchAction","target":{"@type":"EntryPoint","urlTemplate":"https:\/\/coens.dv.utfpr.edu.br\/gprsc\/?s={search_term_string}"},"query-input":"required name=search_term_string"}],"inLanguage":"pt-BR"}]}},"_links":{"self":[{"href":"https:\/\/coens.dv.utfpr.edu.br\/gprsc\/wp-json\/wp\/v2\/pages\/57"}],"collection":[{"href":"https:\/\/coens.dv.utfpr.edu.br\/gprsc\/wp-json\/wp\/v2\/pages"}],"about":[{"href":"https:\/\/coens.dv.utfpr.edu.br\/gprsc\/wp-json\/wp\/v2\/types\/page"}],"author":[{"embeddable":true,"href":"https:\/\/coens.dv.utfpr.edu.br\/gprsc\/wp-json\/wp\/v2\/users\/1"}],"replies":[{"embeddable":true,"href":"https:\/\/coens.dv.utfpr.edu.br\/gprsc\/wp-json\/wp\/v2\/comments?post=57"}],"version-history":[{"count":39,"href":"https:\/\/coens.dv.utfpr.edu.br\/gprsc\/wp-json\/wp\/v2\/pages\/57\/revisions"}],"predecessor-version":[{"id":477,"href":"https:\/\/coens.dv.utfpr.edu.br\/gprsc\/wp-json\/wp\/v2\/pages\/57\/revisions\/477"}],"wp:attachment":[{"href":"https:\/\/coens.dv.utfpr.edu.br\/gprsc\/wp-json\/wp\/v2\/media?parent=57"}],"curies":[{"name":"wp","href":"https:\/\/api.w.org\/{rel}","templated":true}]}}